{"id":1462,"date":"2022-03-31T13:02:52","date_gmt":"2022-03-31T13:02:52","guid":{"rendered":"https:\/\/themeim.com\/wp\/laevent\/?page_id=1462"},"modified":"2025-06-05T20:00:02","modified_gmt":"2025-06-05T18:00:02","slug":"speaker","status":"publish","type":"page","link":"https:\/\/kultur-manga.fr\/?page_id=1462","title":{"rendered":"Invit\u00e9s"},"content":{"rendered":"\t\t<div data-elementor-type=\"wp-page\" data-elementor-id=\"1462\" class=\"elementor elementor-1462\">\n\t\t\t\t\t\t<section class=\"elementor-section elementor-top-section elementor-element elementor-element-b266658 elementor-section-boxed elementor-section-height-default elementor-section-height-default\" data-id=\"b266658\" data-element_type=\"section\">\n\t\t\t\t\t\t<div class=\"elementor-container elementor-column-gap-default\">\n\t\t\t\t\t<div class=\"elementor-column elementor-col-100 elementor-top-column elementor-element elementor-element-b383d2b\" data-id=\"b383d2b\" data-element_type=\"column\">\n\t\t\t<div class=\"elementor-widget-wrap elementor-element-populated\">\n\t\t\t\t\t\t<div class=\"elementor-element elementor-element-c0f6f58 elementor-widget elementor-widget-laevento-section-title-widget\" data-id=\"c0f6f58\" data-element_type=\"widget\" data-widget_type=\"laevento-section-title-widget.default\">\n\t\t\t\t<div class=\"elementor-widget-container\">\n\t\t\t\t\t\r\n        <div class=\"theme-heading-title\" style=\"text-align:center\">\r\n                            <div class=\"subtitle \">\r\n                    <div class=\"icon-left wow fadeInRight animated \">\r\n                                            <\/div>\r\n                    Les invit\u00e9s                    <div class=\"icon-right wow fadeInLeft animated\">\r\n                                            <\/div>\r\n                <\/div>\r\n                                        <h2 class=\"title\">\r\n                    D\u00e9couvrez nos invit\u00e9s &amp; conf\u00e9renciers                <\/h2>\r\n                                                        <\/div>\r\n        \t\t\t\t<\/div>\n\t\t\t\t<\/div>\n\t\t\t\t\t<\/div>\n\t\t<\/div>\n\t\t\t\t\t<\/div>\n\t\t<\/section>\n\t\t\t\t<section class=\"elementor-section elementor-top-section elementor-element elementor-element-74fc6af elementor-section-boxed elementor-section-height-default elementor-section-height-default\" data-id=\"74fc6af\" data-element_type=\"section\">\n\t\t\t\t\t\t<div class=\"elementor-container elementor-column-gap-default\">\n\t\t\t\t\t<div class=\"elementor-column elementor-col-16 elementor-top-column elementor-element elementor-element-02cd215\" data-id=\"02cd215\" data-element_type=\"column\">\n\t\t\t<div class=\"elementor-widget-wrap elementor-element-populated\">\n\t\t\t\t\t\t<div class=\"elementor-element elementor-element-b2f04f0 elementor-widget__width-initial elementor-widget elementor-widget-image\" data-id=\"b2f04f0\" data-element_type=\"widget\" data-widget_type=\"image.default\">\n\t\t\t\t<div class=\"elementor-widget-container\">\n\t\t\t\t\t\t\t\t\t\t\t\t<figure class=\"wp-caption\">\n\t\t\t\t\t\t\t\t\t\t<img fetchpriority=\"high\" decoding=\"async\" width=\"740\" height=\"740\" src=\"https:\/\/kultur-manga.fr\/wp-content\/uploads\/2025\/04\/enzo-ratsito-1024x1024.png\" class=\"attachment-large size-large wp-image-5315\" alt=\"Enzo Ratsito\" srcset=\"https:\/\/kultur-manga.fr\/wp-content\/uploads\/2025\/04\/enzo-ratsito-1024x1024.png 1024w, https:\/\/kultur-manga.fr\/wp-content\/uploads\/2025\/04\/enzo-ratsito-300x300.png 300w, https:\/\/kultur-manga.fr\/wp-content\/uploads\/2025\/04\/enzo-ratsito-150x150.png 150w, https:\/\/kultur-manga.fr\/wp-content\/uploads\/2025\/04\/enzo-ratsito-768x768.png 768w, https:\/\/kultur-manga.fr\/wp-content\/uploads\/2025\/04\/enzo-ratsito-370x370.png 370w, https:\/\/kultur-manga.fr\/wp-content\/uploads\/2025\/04\/enzo-ratsito.png 1080w\" sizes=\"(max-width: 740px) 100vw, 740px\" \/>\t\t\t\t\t\t\t\t\t\t\t<figcaption class=\"widget-image-caption wp-caption-text\"> Enzo RATSITO<\/figcaption>\n\t\t\t\t\t\t\t\t\t\t<\/figure>\n\t\t\t\t\t\t\t\t\t<\/div>\n\t\t\t\t<\/div>\n\t\t\t\t<div class=\"elementor-element elementor-element-5a7e8d6 elementor-widget elementor-widget-image\" data-id=\"5a7e8d6\" data-element_type=\"widget\" data-widget_type=\"image.default\">\n\t\t\t\t<div class=\"elementor-widget-container\">\n\t\t\t\t\t\t\t\t\t\t\t\t<figure class=\"wp-caption\">\n\t\t\t\t\t\t\t\t\t\t<img decoding=\"async\" width=\"740\" height=\"740\" src=\"https:\/\/kultur-manga.fr\/wp-content\/uploads\/2025\/04\/irina-1024x1024.png\" class=\"attachment-large size-large wp-image-5322\" alt=\"\" srcset=\"https:\/\/kultur-manga.fr\/wp-content\/uploads\/2025\/04\/irina-1024x1024.png 1024w, https:\/\/kultur-manga.fr\/wp-content\/uploads\/2025\/04\/irina-300x300.png 300w, https:\/\/kultur-manga.fr\/wp-content\/uploads\/2025\/04\/irina-150x150.png 150w, https:\/\/kultur-manga.fr\/wp-content\/uploads\/2025\/04\/irina-768x768.png 768w, https:\/\/kultur-manga.fr\/wp-content\/uploads\/2025\/04\/irina-370x370.png 370w, https:\/\/kultur-manga.fr\/wp-content\/uploads\/2025\/04\/irina.png 1080w\" sizes=\"(max-width: 740px) 100vw, 740px\" \/>\t\t\t\t\t\t\t\t\t\t\t<figcaption class=\"widget-image-caption wp-caption-text\">Irina<\/figcaption>\n\t\t\t\t\t\t\t\t\t\t<\/figure>\n\t\t\t\t\t\t\t\t\t<\/div>\n\t\t\t\t<\/div>\n\t\t\t\t\t<\/div>\n\t\t<\/div>\n\t\t\t\t<div class=\"elementor-column elementor-col-16 elementor-top-column elementor-element elementor-element-656e0c9\" data-id=\"656e0c9\" data-element_type=\"column\">\n\t\t\t<div class=\"elementor-widget-wrap elementor-element-populated\">\n\t\t\t\t\t\t<div class=\"elementor-element elementor-element-b0f40bc elementor-widget__width-initial elementor-widget elementor-widget-image\" data-id=\"b0f40bc\" data-element_type=\"widget\" data-widget_type=\"image.default\">\n\t\t\t\t<div class=\"elementor-widget-container\">\n\t\t\t\t\t\t\t\t\t\t\t\t<figure class=\"wp-caption\">\n\t\t\t\t\t\t\t\t\t\t<img decoding=\"async\" src=\"https:\/\/kultur-manga.fr\/wp-content\/uploads\/elementor\/thumbs\/emmanuel-Karsen-1-e1744902698986-r4hwwd5mpdyxiz2wix1cuefbtmzyraa8mybppncg8g.png\" title=\"emmanuel Karsen\" alt=\"Com\u00e9dien de doublage, Emmanuel Karsen\" loading=\"lazy\" \/>\t\t\t\t\t\t\t\t\t\t\t<figcaption class=\"widget-image-caption wp-caption-text\">Emmanuel KARSEN<\/figcaption>\n\t\t\t\t\t\t\t\t\t\t<\/figure>\n\t\t\t\t\t\t\t\t\t<\/div>\n\t\t\t\t<\/div>\n\t\t\t\t<div class=\"elementor-element elementor-element-5e19cbb elementor-widget elementor-widget-image\" data-id=\"5e19cbb\" data-element_type=\"widget\" data-widget_type=\"image.default\">\n\t\t\t\t<div class=\"elementor-widget-container\">\n\t\t\t\t\t\t\t\t\t\t\t\t<figure class=\"wp-caption\">\n\t\t\t\t\t\t\t\t\t\t<img decoding=\"async\" width=\"740\" height=\"740\" src=\"https:\/\/kultur-manga.fr\/wp-content\/uploads\/2025\/04\/stormy-shot-1024x1024.png\" class=\"attachment-large size-large wp-image-5337\" alt=\"Group de Danse stormy shot\" srcset=\"https:\/\/kultur-manga.fr\/wp-content\/uploads\/2025\/04\/stormy-shot-1024x1024.png 1024w, https:\/\/kultur-manga.fr\/wp-content\/uploads\/2025\/04\/stormy-shot-300x300.png 300w, https:\/\/kultur-manga.fr\/wp-content\/uploads\/2025\/04\/stormy-shot-150x150.png 150w, https:\/\/kultur-manga.fr\/wp-content\/uploads\/2025\/04\/stormy-shot-768x768.png 768w, https:\/\/kultur-manga.fr\/wp-content\/uploads\/2025\/04\/stormy-shot-370x370.png 370w, https:\/\/kultur-manga.fr\/wp-content\/uploads\/2025\/04\/stormy-shot.png 1080w\" sizes=\"(max-width: 740px) 100vw, 740px\" \/>\t\t\t\t\t\t\t\t\t\t\t<figcaption class=\"widget-image-caption wp-caption-text\">stormy shot<\/figcaption>\n\t\t\t\t\t\t\t\t\t\t<\/figure>\n\t\t\t\t\t\t\t\t\t<\/div>\n\t\t\t\t<\/div>\n\t\t\t\t\t<\/div>\n\t\t<\/div>\n\t\t\t\t<div class=\"elementor-column elementor-col-16 elementor-top-column elementor-element elementor-element-b0fbe7a\" data-id=\"b0fbe7a\" data-element_type=\"column\">\n\t\t\t<div class=\"elementor-widget-wrap elementor-element-populated\">\n\t\t\t\t\t\t<div class=\"elementor-element elementor-element-e302d50 elementor-widget__width-initial elementor-widget elementor-widget-image\" data-id=\"e302d50\" data-element_type=\"widget\" data-widget_type=\"image.default\">\n\t\t\t\t<div class=\"elementor-widget-container\">\n\t\t\t\t\t\t\t\t\t\t\t\t<figure class=\"wp-caption\">\n\t\t\t\t\t\t\t\t\t\t<img loading=\"lazy\" decoding=\"async\" width=\"225\" height=\"225\" src=\"https:\/\/kultur-manga.fr\/wp-content\/uploads\/2025\/04\/carole-baillien.jpeg\" class=\"attachment-large size-large wp-image-5301\" alt=\"Com\u00e9dienne sp\u00e9cialis\u00e9e dans le doublage carole baillien\" srcset=\"https:\/\/kultur-manga.fr\/wp-content\/uploads\/2025\/04\/carole-baillien.jpeg 225w, https:\/\/kultur-manga.fr\/wp-content\/uploads\/2025\/04\/carole-baillien-150x150.jpeg 150w\" sizes=\"(max-width: 225px) 100vw, 225px\" \/>\t\t\t\t\t\t\t\t\t\t\t<figcaption class=\"widget-image-caption wp-caption-text\">Carole BAILLIEN<\/figcaption>\n\t\t\t\t\t\t\t\t\t\t<\/figure>\n\t\t\t\t\t\t\t\t\t<\/div>\n\t\t\t\t<\/div>\n\t\t\t\t<div class=\"elementor-element elementor-element-4b97ea5 elementor-widget elementor-widget-image\" data-id=\"4b97ea5\" data-element_type=\"widget\" data-widget_type=\"image.default\">\n\t\t\t\t<div class=\"elementor-widget-container\">\n\t\t\t\t\t\t\t\t\t\t\t\t<figure class=\"wp-caption\">\n\t\t\t\t\t\t\t\t\t\t<img loading=\"lazy\" decoding=\"async\" width=\"740\" height=\"740\" src=\"https:\/\/kultur-manga.fr\/wp-content\/uploads\/2025\/04\/meet-and-magic-1024x1024.png\" class=\"attachment-large size-large wp-image-5342\" alt=\"meet and magic\" srcset=\"https:\/\/kultur-manga.fr\/wp-content\/uploads\/2025\/04\/meet-and-magic-1024x1024.png 1024w, https:\/\/kultur-manga.fr\/wp-content\/uploads\/2025\/04\/meet-and-magic-300x300.png 300w, https:\/\/kultur-manga.fr\/wp-content\/uploads\/2025\/04\/meet-and-magic-150x150.png 150w, https:\/\/kultur-manga.fr\/wp-content\/uploads\/2025\/04\/meet-and-magic-768x768.png 768w, https:\/\/kultur-manga.fr\/wp-content\/uploads\/2025\/04\/meet-and-magic-370x370.png 370w, https:\/\/kultur-manga.fr\/wp-content\/uploads\/2025\/04\/meet-and-magic.png 1080w\" sizes=\"(max-width: 740px) 100vw, 740px\" \/>\t\t\t\t\t\t\t\t\t\t\t<figcaption class=\"widget-image-caption wp-caption-text\">Meet And Magic<\/figcaption>\n\t\t\t\t\t\t\t\t\t\t<\/figure>\n\t\t\t\t\t\t\t\t\t<\/div>\n\t\t\t\t<\/div>\n\t\t\t\t\t<\/div>\n\t\t<\/div>\n\t\t\t\t<div class=\"elementor-column elementor-col-16 elementor-top-column elementor-element elementor-element-fc0fb67\" data-id=\"fc0fb67\" data-element_type=\"column\">\n\t\t\t<div class=\"elementor-widget-wrap elementor-element-populated\">\n\t\t\t\t\t\t<div class=\"elementor-element elementor-element-27ea99d elementor-widget__width-initial elementor-widget elementor-widget-image\" data-id=\"27ea99d\" data-element_type=\"widget\" data-widget_type=\"image.default\">\n\t\t\t\t<div class=\"elementor-widget-container\">\n\t\t\t\t\t\t\t\t\t\t\t\t<figure class=\"wp-caption\">\n\t\t\t\t\t\t\t\t\t\t<img decoding=\"async\" src=\"https:\/\/kultur-manga.fr\/wp-content\/uploads\/elementor\/thumbs\/21eb8f3a-c11d-4428-bc35-ecc14709f8c2-r3plwe3ap4diioll62ga7h20slmyg5g7q51dxf1flc.jpeg\" title=\"Zed Le ROUGE\" alt=\"CHANTEUR Zed Le ROUGE\" loading=\"lazy\" \/>\t\t\t\t\t\t\t\t\t\t\t<figcaption class=\"widget-image-caption wp-caption-text\">Zed LeRouge<\/figcaption>\n\t\t\t\t\t\t\t\t\t\t<\/figure>\n\t\t\t\t\t\t\t\t\t<\/div>\n\t\t\t\t<\/div>\n\t\t\t\t<div class=\"elementor-element elementor-element-eb2f000 elementor-widget__width-initial elementor-widget elementor-widget-image\" data-id=\"eb2f000\" data-element_type=\"widget\" data-widget_type=\"image.default\">\n\t\t\t\t<div class=\"elementor-widget-container\">\n\t\t\t\t\t\t\t\t\t\t\t\t<figure class=\"wp-caption\">\n\t\t\t\t\t\t\t\t\t\t<img loading=\"lazy\" decoding=\"async\" width=\"740\" height=\"740\" src=\"https:\/\/kultur-manga.fr\/wp-content\/uploads\/2025\/04\/les-dix-lunes-1024x1024.png\" class=\"attachment-large size-large wp-image-5332\" alt=\"Association les dix lunes\" srcset=\"https:\/\/kultur-manga.fr\/wp-content\/uploads\/2025\/04\/les-dix-lunes-1024x1024.png 1024w, https:\/\/kultur-manga.fr\/wp-content\/uploads\/2025\/04\/les-dix-lunes-300x300.png 300w, https:\/\/kultur-manga.fr\/wp-content\/uploads\/2025\/04\/les-dix-lunes-150x150.png 150w, https:\/\/kultur-manga.fr\/wp-content\/uploads\/2025\/04\/les-dix-lunes-768x768.png 768w, https:\/\/kultur-manga.fr\/wp-content\/uploads\/2025\/04\/les-dix-lunes-370x370.png 370w, https:\/\/kultur-manga.fr\/wp-content\/uploads\/2025\/04\/les-dix-lunes.png 1080w\" sizes=\"(max-width: 740px) 100vw, 740px\" \/>\t\t\t\t\t\t\t\t\t\t\t<figcaption class=\"widget-image-caption wp-caption-text\">Les Dix Lunes<\/figcaption>\n\t\t\t\t\t\t\t\t\t\t<\/figure>\n\t\t\t\t\t\t\t\t\t<\/div>\n\t\t\t\t<\/div>\n\t\t\t\t\t<\/div>\n\t\t<\/div>\n\t\t\t\t<div class=\"elementor-column elementor-col-16 elementor-top-column elementor-element elementor-element-c5282b9\" data-id=\"c5282b9\" data-element_type=\"column\">\n\t\t\t<div class=\"elementor-widget-wrap elementor-element-populated\">\n\t\t\t\t\t\t<div class=\"elementor-element elementor-element-efd7750 elementor-widget elementor-widget-image\" data-id=\"efd7750\" data-element_type=\"widget\" data-widget_type=\"image.default\">\n\t\t\t\t<div class=\"elementor-widget-container\">\n\t\t\t\t\t\t\t\t\t\t\t\t<figure class=\"wp-caption\">\n\t\t\t\t\t\t\t\t\t\t<img loading=\"lazy\" decoding=\"async\" width=\"740\" height=\"740\" src=\"https:\/\/kultur-manga.fr\/wp-content\/uploads\/2025\/04\/CLEMNIEL-1024x1024.png\" class=\"attachment-large size-large wp-image-5323\" alt=\"TikTokeur Cl\u00e9ment Niel\" srcset=\"https:\/\/kultur-manga.fr\/wp-content\/uploads\/2025\/04\/CLEMNIEL-1024x1024.png 1024w, https:\/\/kultur-manga.fr\/wp-content\/uploads\/2025\/04\/CLEMNIEL-300x300.png 300w, https:\/\/kultur-manga.fr\/wp-content\/uploads\/2025\/04\/CLEMNIEL-150x150.png 150w, https:\/\/kultur-manga.fr\/wp-content\/uploads\/2025\/04\/CLEMNIEL-768x768.png 768w, https:\/\/kultur-manga.fr\/wp-content\/uploads\/2025\/04\/CLEMNIEL-370x370.png 370w, https:\/\/kultur-manga.fr\/wp-content\/uploads\/2025\/04\/CLEMNIEL.png 1080w\" sizes=\"(max-width: 740px) 100vw, 740px\" \/>\t\t\t\t\t\t\t\t\t\t\t<figcaption class=\"widget-image-caption wp-caption-text\">ClemNiel<\/figcaption>\n\t\t\t\t\t\t\t\t\t\t<\/figure>\n\t\t\t\t\t\t\t\t\t<\/div>\n\t\t\t\t<\/div>\n\t\t\t\t\t<\/div>\n\t\t<\/div>\n\t\t\t\t<div class=\"elementor-column elementor-col-16 elementor-top-column elementor-element elementor-element-584c1a4\" data-id=\"584c1a4\" data-element_type=\"column\">\n\t\t\t<div class=\"elementor-widget-wrap elementor-element-populated\">\n\t\t\t\t\t\t<div class=\"elementor-element elementor-element-5ec253a elementor-widget elementor-widget-image\" data-id=\"5ec253a\" data-element_type=\"widget\" data-widget_type=\"image.default\">\n\t\t\t\t<div class=\"elementor-widget-container\">\n\t\t\t\t\t\t\t\t\t\t\t\t<figure class=\"wp-caption\">\n\t\t\t\t\t\t\t\t\t\t<img loading=\"lazy\" decoding=\"async\" width=\"740\" height=\"740\" src=\"https:\/\/kultur-manga.fr\/wp-content\/uploads\/2025\/04\/Raphael-Richard-Presentateur-1024x1024.png\" class=\"attachment-large size-large wp-image-5327\" alt=\"Rapha\u00ebl Richard, com\u00e9dien pr\u00e9sentateur chanteur\" srcset=\"https:\/\/kultur-manga.fr\/wp-content\/uploads\/2025\/04\/Raphael-Richard-Presentateur-1024x1024.png 1024w, https:\/\/kultur-manga.fr\/wp-content\/uploads\/2025\/04\/Raphael-Richard-Presentateur-300x300.png 300w, https:\/\/kultur-manga.fr\/wp-content\/uploads\/2025\/04\/Raphael-Richard-Presentateur-150x150.png 150w, https:\/\/kultur-manga.fr\/wp-content\/uploads\/2025\/04\/Raphael-Richard-Presentateur-768x768.png 768w, https:\/\/kultur-manga.fr\/wp-content\/uploads\/2025\/04\/Raphael-Richard-Presentateur-370x370.png 370w, https:\/\/kultur-manga.fr\/wp-content\/uploads\/2025\/04\/Raphael-Richard-Presentateur.png 1080w\" sizes=\"(max-width: 740px) 100vw, 740px\" \/>\t\t\t\t\t\t\t\t\t\t\t<figcaption class=\"widget-image-caption wp-caption-text\">Rapha\u00ebl RICHARD<\/figcaption>\n\t\t\t\t\t\t\t\t\t\t<\/figure>\n\t\t\t\t\t\t\t\t\t<\/div>\n\t\t\t\t<\/div>\n\t\t\t\t\t<\/div>\n\t\t<\/div>\n\t\t\t\t\t<\/div>\n\t\t<\/section>\n\t\t\t\t<section class=\"elementor-section elementor-top-section elementor-element elementor-element-6b11a93 elementor-section-boxed elementor-section-height-default elementor-section-height-default\" data-id=\"6b11a93\" data-element_type=\"section\">\n\t\t\t\t\t\t<div class=\"elementor-container elementor-column-gap-default\">\n\t\t\t\t\t<div class=\"elementor-column elementor-col-100 elementor-top-column elementor-element elementor-element-10064de\" data-id=\"10064de\" data-element_type=\"column\">\n\t\t\t<div class=\"elementor-widget-wrap\">\n\t\t\t\t\t\t\t<\/div>\n\t\t<\/div>\n\t\t\t\t\t<\/div>\n\t\t<\/section>\n\t\t\t\t<section class=\"elementor-section elementor-top-section elementor-element elementor-element-c704b42 elementor-section-full_width elementor-section-stretched elementor-section-height-default elementor-section-height-default\" data-id=\"c704b42\" data-element_type=\"section\" data-settings=\"{&quot;stretch_section&quot;:&quot;section-stretched&quot;}\">\n\t\t\t\t\t\t\t<div class=\"elementor-background-overlay\"><\/div>\n\t\t\t\t\t\t\t<div class=\"elementor-container elementor-column-gap-default\">\n\t\t\t\t\t<div class=\"elementor-column elementor-col-100 elementor-top-column elementor-element elementor-element-4ac3dba\" data-id=\"4ac3dba\" data-element_type=\"column\" data-settings=\"{&quot;background_background&quot;:&quot;classic&quot;}\">\n\t\t\t<div class=\"elementor-widget-wrap elementor-element-populated\">\n\t\t\t\t\t\t<section class=\"elementor-section elementor-inner-section elementor-element elementor-element-9a677a2 elementor-section-boxed elementor-section-height-default elementor-section-height-default\" data-id=\"9a677a2\" data-element_type=\"section\">\n\t\t\t\t\t\t<div class=\"elementor-container elementor-column-gap-default\">\n\t\t\t\t\t<div class=\"elementor-column elementor-col-100 elementor-inner-column elementor-element elementor-element-222cbbe\" data-id=\"222cbbe\" data-element_type=\"column\">\n\t\t\t<div class=\"elementor-widget-wrap elementor-element-populated\">\n\t\t\t\t\t\t<div class=\"elementor-element elementor-element-b478d21 elementor-widget elementor-widget-heading\" data-id=\"b478d21\" data-element_type=\"widget\" data-widget_type=\"heading.default\">\n\t\t\t\t<div class=\"elementor-widget-container\">\n\t\t\t\t\t<h5 class=\"elementor-heading-title elementor-size-default\">Kultur'Manga<\/h5>\t\t\t\t<\/div>\n\t\t\t\t<\/div>\n\t\t\t\t<div class=\"elementor-element elementor-element-70c4fbc elementor-widget elementor-widget-heading\" data-id=\"70c4fbc\" data-element_type=\"widget\" data-widget_type=\"heading.default\">\n\t\t\t\t<div class=\"elementor-widget-container\">\n\t\t\t\t\t<h2 class=\"elementor-heading-title elementor-size-default\">D\u00e9couvrez le programme complet du festival<\/h2>\t\t\t\t<\/div>\n\t\t\t\t<\/div>\n\t\t\t\t<div class=\"elementor-element elementor-element-3da967f elementor-align-center elementor-widget elementor-widget-button\" data-id=\"3da967f\" data-element_type=\"widget\" data-widget_type=\"button.default\">\n\t\t\t\t<div class=\"elementor-widget-container\">\n\t\t\t\t\t\t\t\t\t<div class=\"elementor-button-wrapper\">\n\t\t\t\t\t<a class=\"elementor-button elementor-button-link elementor-size-sm\" href=\"\/?post_type=tribe_events\">\n\t\t\t\t\t\t<span class=\"elementor-button-content-wrapper\">\n\t\t\t\t\t\t\t\t\t<span class=\"elementor-button-text\">Voir le programme<\/span>\n\t\t\t\t\t<\/span>\n\t\t\t\t\t<\/a>\n\t\t\t\t<\/div>\n\t\t\t\t\t\t\t\t<\/div>\n\t\t\t\t<\/div>\n\t\t\t\t\t<\/div>\n\t\t<\/div>\n\t\t\t\t\t<\/div>\n\t\t<\/section>\n\t\t\t\t\t<\/div>\n\t\t<\/div>\n\t\t\t\t\t<\/div>\n\t\t<\/section>\n\t\t\t\t<\/div>\n\t\t","protected":false},"excerpt":{"rendered":"<p>Les invit\u00e9s D\u00e9couvrez nos invit\u00e9s &amp; conf\u00e9renciers Enzo RATSITO Irina Emmanuel KARSEN stormy shot Carole BAILLIEN Meet And Magic Zed LeRouge Les Dix Lunes ClemNiel Rapha\u00ebl RICHARD Kultur&rsquo;Manga D\u00e9couvrez le<\/p>\n","protected":false},"author":1,"featured_media":0,"parent":0,"menu_order":0,"comment_status":"closed","ping_status":"closed","template":"","meta":{"inline_featured_image":false,"footnotes":""},"class_list":["post-1462","page","type-page","status-publish","hentry"],"_links":{"self":[{"href":"https:\/\/kultur-manga.fr\/index.php?rest_route=\/wp\/v2\/pages\/1462","targetHints":{"allow":["GET"]}}],"collection":[{"href":"https:\/\/kultur-manga.fr\/index.php?rest_route=\/wp\/v2\/pages"}],"about":[{"href":"https:\/\/kultur-manga.fr\/index.php?rest_route=\/wp\/v2\/types\/page"}],"author":[{"embeddable":true,"href":"https:\/\/kultur-manga.fr\/index.php?rest_route=\/wp\/v2\/users\/1"}],"replies":[{"embeddable":true,"href":"https:\/\/kultur-manga.fr\/index.php?rest_route=%2Fwp%2Fv2%2Fcomments&post=1462"}],"version-history":[{"count":52,"href":"https:\/\/kultur-manga.fr\/index.php?rest_route=\/wp\/v2\/pages\/1462\/revisions"}],"predecessor-version":[{"id":5400,"href":"https:\/\/kultur-manga.fr\/index.php?rest_route=\/wp\/v2\/pages\/1462\/revisions\/5400"}],"wp:attachment":[{"href":"https:\/\/kultur-manga.fr\/index.php?rest_route=%2Fwp%2Fv2%2Fmedia&parent=1462"}],"curies":[{"name":"wp","href":"https:\/\/api.w.org\/{rel}","templated":true}]}}