{"id":5273,"date":"2025-03-21T14:21:39","date_gmt":"2025-03-21T13:21:39","guid":{"rendered":"https:\/\/kultur-manga.fr\/?page_id=5273"},"modified":"2025-03-21T14:25:38","modified_gmt":"2025-03-21T13:25:38","slug":"billetterie","status":"publish","type":"page","link":"https:\/\/kultur-manga.fr\/?page_id=5273","title":{"rendered":"Billetterie"},"content":{"rendered":"\t\t<div data-elementor-type=\"wp-page\" data-elementor-id=\"5273\" class=\"elementor elementor-5273\">\n\t\t\t\t\t\t<section class=\"elementor-section elementor-top-section elementor-element elementor-element-d87008e elementor-section-boxed elementor-section-height-default elementor-section-height-default\" data-id=\"d87008e\" data-element_type=\"section\" data-settings=\"{&quot;background_background&quot;:&quot;classic&quot;}\">\n\t\t\t\t\t\t\t<div class=\"elementor-background-overlay\"><\/div>\n\t\t\t\t\t\t\t<div class=\"elementor-container elementor-column-gap-default\">\n\t\t\t\t\t<div class=\"elementor-column elementor-col-100 elementor-top-column elementor-element elementor-element-ef6e585\" data-id=\"ef6e585\" data-element_type=\"column\" data-settings=\"{&quot;background_background&quot;:&quot;classic&quot;}\">\n\t\t\t<div class=\"elementor-widget-wrap elementor-element-populated\">\n\t\t\t\t\t\t<div class=\"elementor-element elementor-element-7e53e79 elementor-widget elementor-widget-html\" data-id=\"7e53e79\" data-element_type=\"widget\" data-widget_type=\"html.default\">\n\t\t\t\t<div class=\"elementor-widget-container\">\n\t\t\t\t\t<a title=\"Tropevent.com\" target=\"_tropevent\" class=\"tropevent-embedded\" \n    href=\"https:\/\/www.tropevent.com\/event\/2025-Festival-KULTUR-MANGA\" \n    data-src=\"https:\/\/www.tropevent.com\/event\/2025-Festival-KULTUR-MANGA\/booking-embedded\">R\u00e9servation avec tropevent.com \n<\/a>\n<script type=\"text\/javascript\" src=\"https:\/\/www.tropevent.com\/wro\/widget.js\"><\/script>\t\t\t\t<\/div>\n\t\t\t\t<\/div>\n\t\t\t\t<div class=\"elementor-element elementor-element-e50a7bb elementor-widget elementor-widget-laevento-section-title-widget\" data-id=\"e50a7bb\" data-element_type=\"widget\" data-widget_type=\"laevento-section-title-widget.default\">\n\t\t\t\t<div class=\"elementor-widget-container\">\n\t\t\t\t\t\r\n        <div class=\"theme-heading-title\" style=\"text-align:center\">\r\n                            <div class=\"subtitle \">\r\n                    <div class=\"icon-left wow fadeInRight animated \">\r\n                                            <\/div>\r\n                    Programme                    <div class=\"icon-right wow fadeInLeft animated\">\r\n                                            <\/div>\r\n                <\/div>\r\n                                        <h2 class=\"title\">\r\n                    Conf\u00e9rences, spectacles &amp; ateliers                <\/h2>\r\n                                    <p class=\"content\">D\u00e9couvrez d\u00e8s maintenant notre programme complet de conf\u00e9rences et spectacles en cliquant sur le lien ci-dessous. Ne manquez pas l&#039;occasion de d\u00e9couvrir des invit\u00e9s prestigieux et de vivre des moments inoubliables lors du festival. Consultez notre programme et r\u00e9servez votre place d\u00e8s maintenant !<\/p>                                                        <div class=\"btn-wrap mt-2 pt-1\">\r\n                            <a href=\"\/?post_type=tribe_events\" class=\"btn-laevento btn-base-border \"> \r\n                                D\u00e9couvrez le programme                            <\/a>\r\n                        <\/div>\r\n                                            <\/div>\r\n        \t\t\t\t<\/div>\n\t\t\t\t<\/div>\n\t\t\t\t\t<\/div>\n\t\t<\/div>\n\t\t\t\t\t<\/div>\n\t\t<\/section>\n\t\t\t\t<section class=\"elementor-section elementor-top-section elementor-element elementor-element-cfca02e elementor-section-full_width elementor-section-height-default elementor-section-height-default\" data-id=\"cfca02e\" data-element_type=\"section\" data-settings=\"{&quot;background_background&quot;:&quot;classic&quot;}\">\n\t\t\t\t\t\t<div class=\"elementor-container elementor-column-gap-default\">\n\t\t\t\t\t<div class=\"elementor-column elementor-col-100 elementor-top-column elementor-element elementor-element-e63acf2\" data-id=\"e63acf2\" data-element_type=\"column\">\n\t\t\t<div class=\"elementor-widget-wrap elementor-element-populated\">\n\t\t\t\t\t\t<div class=\"elementor-element elementor-element-5f45fce elementor-widget elementor-widget-laevento-gallery-slider-widget\" data-id=\"5f45fce\" data-element_type=\"widget\" data-widget_type=\"laevento-gallery-slider-widget.default\">\n\t\t\t\t<div class=\"elementor-widget-container\">\n\t\t\t\t\t        <div class=\"gallery-member-carousel-wrap laevento-rtl-slider\">\r\n            <div class=\"gallery-member-carousel\"\r\n                 id=\"gallery-member-one-carousel-971417396\"\r\n                 data-settings='{\"loop\":\"yes\",\"margin\":\"0\",\"items\":\"2\",\"center\":\"yes\",\"autoplay\":\"yes\",\"autoplaytimeout\":\"5000\",\"nav\":\"\",\"dot\":\"\",\"navleft\":false,\"navright\":false}'\r\n            >   \r\n                                    <div class=\"thumb-wrap\">\r\n                        <div class=\"thumb gallery-popup-btn-relative\">\r\n                            <a class=\"gallery-popup-btn\" href=\"http:\/\/popandgeek.fr\/wp-content\/uploads\/2023\/02\/12.jpg\"><i class=\"fa fa-plus\"><\/i><\/a>\r\n                            <img decoding=\"async\" src=\"http:\/\/popandgeek.fr\/wp-content\/uploads\/2023\/02\/12.jpg\" alt=\"http:\/\/popandgeek.fr\/wp-content\/uploads\/2023\/02\/12.jpg\">\r\n                            \r\n                        <\/div>\r\n                    <\/div>\r\n                                    <div class=\"thumb-wrap\">\r\n                        <div class=\"thumb gallery-popup-btn-relative\">\r\n                            <a class=\"gallery-popup-btn\" href=\"http:\/\/popandgeek.fr\/wp-content\/uploads\/2023\/02\/10.jpg\"><i class=\"fa fa-plus\"><\/i><\/a>\r\n                            <img decoding=\"async\" src=\"http:\/\/popandgeek.fr\/wp-content\/uploads\/2023\/02\/10.jpg\" alt=\"http:\/\/popandgeek.fr\/wp-content\/uploads\/2023\/02\/10.jpg\">\r\n                            \r\n                        <\/div>\r\n                    <\/div>\r\n                                    <div class=\"thumb-wrap\">\r\n                        <div class=\"thumb gallery-popup-btn-relative\">\r\n                            <a class=\"gallery-popup-btn\" href=\"http:\/\/popandgeek.fr\/wp-content\/uploads\/2023\/02\/02.jpg\"><i class=\"fa fa-plus\"><\/i><\/a>\r\n                            <img decoding=\"async\" src=\"http:\/\/popandgeek.fr\/wp-content\/uploads\/2023\/02\/02.jpg\" alt=\"http:\/\/popandgeek.fr\/wp-content\/uploads\/2023\/02\/02.jpg\">\r\n                            \r\n                        <\/div>\r\n                    <\/div>\r\n                                    <div class=\"thumb-wrap\">\r\n                        <div class=\"thumb gallery-popup-btn-relative\">\r\n                            <a class=\"gallery-popup-btn\" href=\"http:\/\/popandgeek.fr\/wp-content\/uploads\/2023\/02\/14.jpg\"><i class=\"fa fa-plus\"><\/i><\/a>\r\n                            <img decoding=\"async\" src=\"http:\/\/popandgeek.fr\/wp-content\/uploads\/2023\/02\/14.jpg\" alt=\"http:\/\/popandgeek.fr\/wp-content\/uploads\/2023\/02\/14.jpg\">\r\n                            \r\n                        <\/div>\r\n                    <\/div>\r\n                                    <div class=\"thumb-wrap\">\r\n                        <div class=\"thumb gallery-popup-btn-relative\">\r\n                            <a class=\"gallery-popup-btn\" href=\"http:\/\/popandgeek.fr\/wp-content\/uploads\/2023\/02\/08.jpg\"><i class=\"fa fa-plus\"><\/i><\/a>\r\n                            <img decoding=\"async\" src=\"http:\/\/popandgeek.fr\/wp-content\/uploads\/2023\/02\/08.jpg\" alt=\"http:\/\/popandgeek.fr\/wp-content\/uploads\/2023\/02\/08.jpg\">\r\n                            \r\n                        <\/div>\r\n                    <\/div>\r\n                                    <div class=\"thumb-wrap\">\r\n                        <div class=\"thumb gallery-popup-btn-relative\">\r\n                            <a class=\"gallery-popup-btn\" href=\"http:\/\/popandgeek.fr\/wp-content\/uploads\/2023\/02\/05.jpg\"><i class=\"fa fa-plus\"><\/i><\/a>\r\n                            <img decoding=\"async\" src=\"http:\/\/popandgeek.fr\/wp-content\/uploads\/2023\/02\/05.jpg\" alt=\"http:\/\/popandgeek.fr\/wp-content\/uploads\/2023\/02\/05.jpg\">\r\n                            \r\n                        <\/div>\r\n                    <\/div>\r\n                                    <div class=\"thumb-wrap\">\r\n                        <div class=\"thumb gallery-popup-btn-relative\">\r\n                            <a class=\"gallery-popup-btn\" href=\"http:\/\/popandgeek.fr\/wp-content\/uploads\/2023\/02\/04.jpg\"><i class=\"fa fa-plus\"><\/i><\/a>\r\n                            <img decoding=\"async\" src=\"http:\/\/popandgeek.fr\/wp-content\/uploads\/2023\/02\/04.jpg\" alt=\"http:\/\/popandgeek.fr\/wp-content\/uploads\/2023\/02\/04.jpg\">\r\n                            \r\n                        <\/div>\r\n                    <\/div>\r\n                                    <div class=\"thumb-wrap\">\r\n                        <div class=\"thumb gallery-popup-btn-relative\">\r\n                            <a class=\"gallery-popup-btn\" href=\"http:\/\/popandgeek.fr\/wp-content\/uploads\/2023\/02\/07.jpg\"><i class=\"fa fa-plus\"><\/i><\/a>\r\n                            <img decoding=\"async\" src=\"http:\/\/popandgeek.fr\/wp-content\/uploads\/2023\/02\/07.jpg\" alt=\"http:\/\/popandgeek.fr\/wp-content\/uploads\/2023\/02\/07.jpg\">\r\n                            \r\n                        <\/div>\r\n                    <\/div>\r\n                                    <div class=\"thumb-wrap\">\r\n                        <div class=\"thumb gallery-popup-btn-relative\">\r\n                            <a class=\"gallery-popup-btn\" href=\"http:\/\/popandgeek.fr\/wp-content\/uploads\/2023\/02\/13.jpg\"><i class=\"fa fa-plus\"><\/i><\/a>\r\n                            <img decoding=\"async\" src=\"http:\/\/popandgeek.fr\/wp-content\/uploads\/2023\/02\/13.jpg\" alt=\"http:\/\/popandgeek.fr\/wp-content\/uploads\/2023\/02\/13.jpg\">\r\n                            \r\n                        <\/div>\r\n                    <\/div>\r\n                            <\/div>\r\n\r\n                    <\/div>\r\n        \t\t\t\t<\/div>\n\t\t\t\t<\/div>\n\t\t\t\t\t<\/div>\n\t\t<\/div>\n\t\t\t\t\t<\/div>\n\t\t<\/section>\n\t\t\t\t<\/div>\n\t\t","protected":false},"excerpt":{"rendered":"<p>R\u00e9servation avec tropevent.com Programme Conf\u00e9rences, spectacles &amp; ateliers D\u00e9couvrez d\u00e8s maintenant notre programme complet de conf\u00e9rences et spectacles en cliquant sur le lien ci-dessous. Ne manquez pas l&#039;occasion de d\u00e9couvrir<\/p>\n","protected":false},"author":3,"featured_media":0,"parent":0,"menu_order":0,"comment_status":"closed","ping_status":"closed","template":"","meta":{"inline_featured_image":false,"footnotes":""},"class_list":["post-5273","page","type-page","status-publish","hentry"],"_links":{"self":[{"href":"https:\/\/kultur-manga.fr\/index.php?rest_route=\/wp\/v2\/pages\/5273","targetHints":{"allow":["GET"]}}],"collection":[{"href":"https:\/\/kultur-manga.fr\/index.php?rest_route=\/wp\/v2\/pages"}],"about":[{"href":"https:\/\/kultur-manga.fr\/index.php?rest_route=\/wp\/v2\/types\/page"}],"author":[{"embeddable":true,"href":"https:\/\/kultur-manga.fr\/index.php?rest_route=\/wp\/v2\/users\/3"}],"replies":[{"embeddable":true,"href":"https:\/\/kultur-manga.fr\/index.php?rest_route=%2Fwp%2Fv2%2Fcomments&post=5273"}],"version-history":[{"count":7,"href":"https:\/\/kultur-manga.fr\/index.php?rest_route=\/wp\/v2\/pages\/5273\/revisions"}],"predecessor-version":[{"id":5280,"href":"https:\/\/kultur-manga.fr\/index.php?rest_route=\/wp\/v2\/pages\/5273\/revisions\/5280"}],"wp:attachment":[{"href":"https:\/\/kultur-manga.fr\/index.php?rest_route=%2Fwp%2Fv2%2Fmedia&parent=5273"}],"curies":[{"name":"wp","href":"https:\/\/api.w.org\/{rel}","templated":true}]}}